{"id":997,"date":"2024-10-09T20:52:07","date_gmt":"2024-10-09T23:52:07","guid":{"rendered":"https:\/\/www.saobeneditoscrp.com.br\/artigos\/?page_id=997"},"modified":"2024-12-16T22:23:19","modified_gmt":"2024-12-17T01:23:19","slug":"familias-enlutadas","status":"publish","type":"page","link":"https:\/\/www.saobeneditoscrp.com.br\/artigos\/familias-enlutadas\/","title":{"rendered":"Fam\u00edlias enlutadas"},"content":{"rendered":"\n<p class=\"has-text-align-center\"><strong>QUANDO ALGU\u00c9M QUERIDO FALECE<\/strong><\/p>\n\n\n\n<p class=\"has-text-align-center\"><em>\u201cN\u00e3o se perturbe o vosso cora\u00e7\u00e3o. Crede em Deus, crede tamb\u00e9m em mim.<\/em><br><em>Na casa de meu Pai h\u00e1 muitas moradas, pois vou preparar-vos um lugar\u201d<\/em> (Jo 14,1)<\/p>\n\n\n\n<p>A perda de algu\u00e9m querido quebra nossa rotina e costuma ser um dos momentos mais dif\u00edceis. O luto \u00e9 um processo natural de supera\u00e7\u00e3o da aus\u00eancia f\u00edsica do ente querido. Ele varia de acordo com a estrutura psicol\u00f3gica, emocional e espiritual de cada pessoa. Geralmente \u00e9 vivenciado em 5 fases: <strong>NEGA\u00c7\u00c3O, RAIVA, NEGOCIA\u00c7\u00c3O,<\/strong> <strong>DEPRESS\u00c3O e ACEITA\u00c7\u00c3O<\/strong>, n\u00e3o necessariamente nesta ordem ou na sua totalidade.<\/p>\n\n\n\n<hr class=\"wp-block-separator has-alpha-channel-opacity\"\/>\n\n\n\n<figure class=\"wp-block-audio\"><audio controls src=\"https:\/\/www.saobeneditoscrp.com.br\/artigos\/wp-content\/uploads\/2024\/10\/001-negacao.mp3\"><\/audio><\/figure>\n\n\n\n<p><strong>NEGA\u00c7\u00c3O <\/strong>&#8211; \u00c9 o momento em que a dor da perda \u00e9 t\u00e3o grande, que nos parece imposs\u00edvel suport\u00e1-la. A nega\u00e7\u00e3o \u00e9 uma defesa da nossa mente, em busca de aliviar a dor. Nesse est\u00e1gio \u00e9 comum que n\u00e3o queiramos falar sobre o assunto. Tentamos esquec\u00ea-lo. N\u00e3o queremos acreditar na situa\u00e7\u00e3o vivida. Nos perguntamos: \u201cIsso n\u00e3o pode ser verdade!\u201d.<\/p>\n\n\n\n<hr class=\"wp-block-separator has-alpha-channel-opacity\"\/>\n\n\n\n<figure class=\"wp-block-audio\"><audio controls src=\"https:\/\/www.saobeneditoscrp.com.br\/artigos\/wp-content\/uploads\/2024\/10\/002-raiva.mp3\"><\/audio><\/figure>\n\n\n\n<p><strong>RAIVA <\/strong>\u2013 Essa emo\u00e7\u00e3o pode surgir junto com a inveja, quando recusamos a acreditar na perda. Pensamos: \u201cPor que comigo?\u201d. Qualquer palavra de conforto pode nos parecer falso e dif\u00edcil de ser aceita. Perdemos a calma quando falamos sobre o assunto, evitamos o tema e resistimos aos conselhos que nos s\u00e3o oferecidos.<\/p>\n\n\n\n<hr class=\"wp-block-separator has-alpha-channel-opacity\"\/>\n\n\n\n<p><strong>NEGOCIA\u00c7\u00c3O <\/strong>\u2013 Ocorre quando come\u00e7amos a encarar a hip\u00f3tese da perda e, diante disso, tentamos negociar para que esta n\u00e3o seja verdade. Buscamos fazer algum tipo de acordo, de maneira que as coisas possam voltar a ser como era antes. Essa negocia\u00e7\u00e3o, geralmente, acontece dentro de n\u00f3s ou, \u00e0s vezes, voltada para a religiosidade.<\/p>\n\n\n\n<hr class=\"wp-block-separator has-alpha-channel-opacity\"\/>\n\n\n\n<figure class=\"wp-block-audio\"><audio controls src=\"https:\/\/www.saobeneditoscrp.com.br\/artigos\/wp-content\/uploads\/2024\/10\/003-depressao.mp3\"><\/audio><\/figure>\n\n\n\n<p><strong>DEPRESS\u00c3O <\/strong>&#8211; Pode surgir quando tomamos consci\u00eancia de que a perda \u00e9 inevit\u00e1vel e que n\u00e3o teremos mais a pessoa querida conosco. Sentimos um vazio f\u00edsico e emocional e percebemos que n\u00e3o h\u00e1 como mudar a situa\u00e7\u00e3o. Com a aus\u00eancia da pessoa, todos os sonhos, projetos e lembran\u00e7as associadas a ela, passam a ter uma outra dimens\u00e3o. Experimentamos um sofrimento profundo. Tristeza, culpa, desesperan\u00e7a e medo se fazem presentes. Impotentes diante da nova situa\u00e7\u00e3o, nos isolamos e ficamos mais introspectivos.<\/p>\n\n\n\n<hr class=\"wp-block-separator has-alpha-channel-opacity\"\/>\n\n\n\n<figure class=\"wp-block-audio\"><audio controls src=\"https:\/\/www.saobeneditoscrp.com.br\/artigos\/wp-content\/uploads\/2024\/10\/004-aceitacao.mp3\"><\/audio><\/figure>\n\n\n\n<p><strong>ACEITA\u00c7\u00c3O <\/strong>\u2013 Nessa fase aceitamos a perda com paz e serenidade. Isso \u00e9 poss\u00edvel quando temos a capacidade de mudar nossa perspectiva e preencher o vazio, com a ajuda da religiosidade e o fortalecimento da f\u00e9 que nos reergue. Confiando em Deus como apoio, temos uma nova vis\u00e3o sobre o que foi experimentado. No lugar de lamentarmos a perda, passamos a agradecer pelos momentos vividos com o ente querido. Valorizamos mais aqueles que ainda est\u00e3o ao nosso lado.<\/p>\n\n\n\n<figure class=\"wp-block-audio\"><audio controls src=\"https:\/\/www.saobeneditoscrp.com.br\/artigos\/wp-content\/uploads\/2024\/10\/005-salto.mp3\"><\/audio><\/figure>\n\n\n\n<hr class=\"wp-block-separator has-alpha-channel-opacity\"\/>\n\n\n\n<p><strong>Ora\u00e7\u00e3o da esperan\u00e7a<\/strong><\/p>\n\n\n\n<p>Senhor, Tu conheces o momento que estou vivendo e o que eu sinto em meu cora\u00e7\u00e3o, por isso eu coloco a minha vida em Tuas m\u00e3os. Que eu seja capaz de fazer a Tua vontade com f\u00e9 e esperan\u00e7a no dia de amanh\u00e3. Ajude-me a crer que um dia a tristeza vai passar e restar\u00e1 apenas a saudade como sinal do amor que jamais passa. Iluminai minha vida, pois desejo viver e valorizar a vida daqueles que ainda est\u00e3o ao meu redor. Quero permanecer em Tua presen\u00e7a para sentir a Tua amizade. Senhor, que a Tua ben\u00e7\u00e3o me sustente e fortale\u00e7a. Am\u00e9m!<\/p>\n\n\n\n<hr class=\"wp-block-separator has-alpha-channel-opacity\"\/>\n\n\n\n<figure class=\"wp-block-audio\"><audio controls src=\"https:\/\/www.saobeneditoscrp.com.br\/artigos\/wp-content\/uploads\/2024\/12\/1-Sinal-de-esperanca.mp3\"><\/audio><\/figure>\n\n\n\n<p><strong>Sinal de esperan\u00e7a<\/strong><\/p>\n\n\n\n<p>Nossa f\u00e9 cat\u00f3lica \u00e9 alicer\u00e7ada na Ressurei\u00e7\u00e3o do Senhor. Cremos na vida eterna! Fomos criados a imagem e semelhan\u00e7a de Deus n\u00e3o somente para os poucos anos de vida terrena, mas sim para a vida eterna. A Igreja nos oferece os meios para obtermos a Salva\u00e7\u00e3o. Ela tamb\u00e9m est\u00e1 presente em todos os momentos da nossa vida, bem como na perda de nossos entes queridos. Sendo assim, a Pastoral da Esperan\u00e7a, acompanha as pessoas no momento da dor da perda. Leva aos familiares e amigos a mensagem da esperan\u00e7a e o reavivamento da nossa f\u00e9. A miss\u00e3o dessa pastoral, portanto, \u00e9 animar as pessoas para que, n\u00e3o se deixem abater e recobrem o sentido de viver, renovando a esperan\u00e7a e a f\u00e9 na vida eterna.<\/p>\n\n\n\n<hr class=\"wp-block-separator has-alpha-channel-opacity\"\/>\n\n\n\n<figure class=\"wp-block-audio\"><audio controls src=\"https:\/\/www.saobeneditoscrp.com.br\/artigos\/wp-content\/uploads\/2024\/12\/2-E-quando-morremos.mp3\"><\/audio><\/figure>\n\n\n\n<p><strong>E quando morremos?<\/strong><\/p>\n\n\n\n<p>Na morte, o justo se encontra com Deus, que o chama para junto de Si a fim de torn\u00e1-lo participante da vida divina. Contudo, ningu\u00e9m pode ser acolhido na amizade e na intimidade de Deus se antes n\u00e3o for purificado por Ele das consequ\u00eancias pessoais de todas as suas culpas. A Igreja denomina purgat\u00f3rio esta purifica\u00e7\u00e3o final dos eleitos, que \u00e9 completamente distinta do castigo dos condenados (&#8230;). Da\u00ed o piedoso costume dos sufr\u00e1gios pelas almas do Purgat\u00f3rio, que s\u00e3o uma urgente s\u00faplica a Deus para que tenha miseric\u00f3rdia dos fi\u00e9is defuntos, purifique-os com o fogo da sua caridade e os introduza em seu Reino de luz e de vida<\/p>\n\n\n\n<hr class=\"wp-block-separator has-alpha-channel-opacity\"\/>\n\n\n\n<figure class=\"wp-block-audio\"><audio controls src=\"https:\/\/www.saobeneditoscrp.com.br\/artigos\/wp-content\/uploads\/2024\/12\/3-O-que-e-o-purgatorio.mp3\"><\/audio><\/figure>\n\n\n\n<p><strong>O que \u00e9 o purgat\u00f3rio?<\/strong><\/p>\n\n\n\n<p>Embora seja imaginado como um lugar, o Purgat\u00f3rio \u00e9, na verdade, um estado. Quem morre na gra\u00e7a de Deus (isto \u00e9, em estado de gra\u00e7a, em paz com Deus e com os irm\u00e3os), mas ainda necessita de purifica\u00e7\u00e3o para poder estar face a face diante Deus, passa por um Purgat\u00f3rio. [CIC. 1030-1031] Quando S\u00e3o Pedro traiu Jesus, o Senhor voltou-se e olhou para ele &#8220;e, saindo Pedro para fora, chorou amargamente&#8221; (cf. Le 22,61ss). Trata-se aqui de um sentimento &#8220;como no Purgat\u00f3rio&#8221;. E provavelmente a maioria de n\u00f3s espera, no momento da morte, um Purgat\u00f3rio como este: o Senhor olha-nos cheio de amor e n\u00f3s sentimos uma ardente vergonha e um doloroso arrependimento pelo nosso comportamento mau ou &#8216;simplesmente&#8217; insens\u00edvel. S\u00f3 ap\u00f3s esta dor purificadora, seremos capazes de nos encontrar com o seu olhar amoroso numa pura alegria celestial.<\/p>\n\n\n\n<hr class=\"wp-block-separator has-alpha-channel-opacity\"\/>\n\n\n\n<figure class=\"wp-block-audio\"><audio controls src=\"https:\/\/www.saobeneditoscrp.com.br\/artigos\/wp-content\/uploads\/2024\/12\/4-Podemos-ajudar-os-falecidos-que-se-encontram-no-purgatorio.mp3\"><\/audio><\/figure>\n\n\n\n<p><strong>Podemos ajudar os falecidos que se encontram no purgat\u00f3rio?<\/strong><\/p>\n\n\n\n<p>Sim, visto que todos os batizados constituem uma comunh\u00e3o em Cristo e est\u00e3o mutuamente ligados, os vivos tamb\u00e9m podem ajudar as almas dos falecidos que se encontram no Purgat\u00f3rio. [CIC. 1032]. Quando uma pessoa morre, n\u00e3o pode fazer mais nada por si. O tempo da prova expirou. Mas n\u00f3s podemos fazer algo pelos falecidos que est\u00e3o no Purgat\u00f3rio. O nosso amor estende-se at\u00e9 o Al\u00e9m. Atrav\u00e9s do nosso jejum, da nossa ora\u00e7\u00e3o, das nossas boas obras e, acima de tudo, da celebra\u00e7\u00e3o da Santa Eucaristia podemos rogar gra\u00e7a para os falecidos.<\/p>\n\n\n\n<hr class=\"wp-block-separator has-alpha-channel-opacity\"\/>\n\n\n\n<figure class=\"wp-block-audio\"><audio controls src=\"https:\/\/www.saobeneditoscrp.com.br\/artigos\/wp-content\/uploads\/2024\/12\/5-Oracao-por-um-falecido.mp3\"><\/audio><\/figure>\n\n\n\n<p><strong>Ora\u00e7\u00e3o por um falecido<\/strong><\/p>\n\n\n\n<p>Santos de Deus, vinde em seu aux\u00edlio; anjos do Senhor, correi ao seu encontro!<\/p>\n\n\n\n<p>Acolhei a(s) sua(s) alma(s), levando-a(s) \u00e0 presen\u00e7a do Alt\u00edssimo. Cristo te (vos) chamou. Ele te (vos) receba, e os anjos te (vos) acompanhem ao seio de Abra\u00e3o. Acolhei a(s) sua(s) alma(s), levando-a(s) \u00e0 presen\u00e7a do Alt\u00edssimo. Dai-lhe(s), Senhor, o repouso eterno E brilhe para ele(s) a vossa luz. Descanse(m) em paz. Am\u00e9m. Ouvi \u00f3 Pai, as nossas preces; sede misericordioso para com o(s) vosso(s) servo(s) N., que chamastes deste mundo. Concedei-lhe (s) a luz e a paz no conv\u00edvio dos vossos santos. Por Nosso Senhor Jesus Cristo, na unidade do Esp\u00edrito Santo. Am\u00e9m<\/p>\n\n\n\n<hr class=\"wp-block-separator has-alpha-channel-opacity\"\/>\n\n\n\n<figure class=\"wp-block-audio\"><audio controls src=\"https:\/\/www.saobeneditoscrp.com.br\/artigos\/wp-content\/uploads\/2024\/12\/6-O-que-e-indulgencia.mp3\"><\/audio><\/figure>\n\n\n\n<p><strong>O que \u00e9 indulg\u00eancia?<\/strong><\/p>\n\n\n\n<p>&#8220;A indulg\u00eancia \u00e9 a remiss\u00e3o, diante de Deus, da pena temporal devida pelos pecados j\u00e1 perdoados quanto \u00e0 culpa, (remiss\u00e3o) que o fiel bem-disposto obt\u00e9m, em condi\u00e7\u00f5es determinadas, pela interven\u00e7\u00e3o de Igreja que, como dispensadora da reden\u00e7\u00e3o, distribui e aplica por sua autoridade o tesouro das satisfa\u00e7\u00f5es (isto \u00e9, dos m\u00e9ritos) de Cristo e dos santos.&#8221; &#8220;A indulg\u00eancia \u00e9 parcial ou plen\u00e1ria, conforme liberar parcial ou totalmente da pena devida pelos pecados.&#8221; Todos os fi\u00e9is podem adquirir indulg\u00eancias (&#8230;) para si mesmos ou aplic\u00e1-las aos defuntos.<\/p>\n\n\n\n<hr class=\"wp-block-separator has-alpha-channel-opacity\"\/>\n\n\n\n<figure class=\"wp-block-audio\"><audio controls src=\"https:\/\/www.saobeneditoscrp.com.br\/artigos\/wp-content\/uploads\/2024\/12\/7-Como-alcancar-a-indulencia-plenaria.mp3\"><\/audio><\/figure>\n\n\n\n<p><strong>Como alcan\u00e7ar a indulg\u00eancia plen\u00e1ria?<\/strong><\/p>\n\n\n\n<p>Al\u00e9m de ir ao cemit\u00e9rio e rezar pelos falecidos \u00e9 necess\u00e1rio:<\/p>\n\n\n\n<p>1 &#8211; Confessar-se &#8211; Desapegar-se dos pecados veniais e mortais.<\/p>\n\n\n\n<p>2 &#8211; Comungar &#8211; Receber a Comunh\u00e3o piedosamente.<\/p>\n\n\n\n<p>3 &#8211; Rezar pelo Papa &#8211; Pai Nosso, Ave Maria, Credo e Gl\u00f3ria.<\/p>\n\n\n\n<hr class=\"wp-block-separator has-alpha-channel-opacity\"\/>\n\n\n\n<figure class=\"wp-block-audio\"><audio controls src=\"https:\/\/www.saobeneditoscrp.com.br\/artigos\/wp-content\/uploads\/2024\/12\/8-A-dor-da-perda.mp3\"><\/audio><\/figure>\n\n\n\n<p><strong>A dor da perda<\/strong><\/p>\n\n\n\n<p>Mesmo na certeza da Ressurrei\u00e7\u00e3o, a perda do ente querido \u00e9 um momento de muita dor. A morte de uma pessoa amada, que chegou como um ladr\u00e3o durante a noite, marca um desses dias que nos faz diferentes. Algo mudou. N\u00f3s mudamos. \u00c9 preciso lidar com sentimentos de choque, tristeza, raiva e at\u00e9 mesmo de culpa, tudo junto, e muitas vezes de forma s\u00fabita quando se trata de acidentes ou de pessoas ainda muito jovens.<\/p>\n\n\n\n<p>Temos que aprender que, na vida, n\u00e3o nos pertencemos e nem somos donos de ningu\u00e9m, que grande parte do nosso sofrimento \u00e9 fruto do nosso apego. N\u00e3o podemos impedir que a morte aconte\u00e7a, mas podemos decidir que atitude assumir diante dela.<\/p>\n\n\n\n<p>Ainda que ningu\u00e9m esteja preparado para enfrentar sua pr\u00f3pria morte ou mesmo a de um familiar, um c\u00f4njuge ou um filho, com a partida, algo novo come\u00e7a. Muito al\u00e9m de experimentar a dor, percebemos que um novo caminho se inicia. Agora, al\u00e9m de reencontrar a paz e a felicidade, somos convidados a melhorar nossa humanidade.<\/p>\n\n\n\n<hr class=\"wp-block-separator has-alpha-channel-opacity\"\/>\n\n\n\n<figure class=\"wp-block-audio\"><audio controls src=\"https:\/\/www.saobeneditoscrp.com.br\/artigos\/wp-content\/uploads\/2024\/12\/9-A-viuvez.mp3\"><\/audio><\/figure>\n\n\n\n<p><strong>A viuvez<\/strong><\/p>\n\n\n\n<p>Perder algu\u00e9m pr\u00f3ximo pode ser uma das experi\u00eancias mais dolorosas que podemos enfrentar. Quando essa pessoa \u00e9 o(a) companheiro(a) que escolhemos para compartilhar a vida, essa dor pode parecer insuport\u00e1vel.<\/p>\n\n\n\n<p>Um casal \u00e9 formado por duas pessoas diferentes que se tornam uma unidade. Contudo, essa uni\u00e3o n\u00e3o anula cada pessoa, mas as completa. Tal unidade pode aperfei\u00e7oar, enriquecer e dar sentido a cada um. Dois seres unidos de forma \u00edntima e afetuosa num projeto de vida comum \u201cat\u00e9 que a morte os separe\u201d.<\/p>\n\n\n\n<p>A morte de um dos c\u00f4njuges d\u00e1 a sensa\u00e7\u00e3o de que um projeto comum foi interrompido e amea\u00e7a a identidade do c\u00f4njuge que permanece vivo.<\/p>\n\n\n\n<hr class=\"wp-block-separator has-alpha-channel-opacity\"\/>\n\n\n\n<figure class=\"wp-block-audio\"><audio controls src=\"https:\/\/www.saobeneditoscrp.com.br\/artigos\/wp-content\/uploads\/2024\/12\/10-Como-recomecar-apos-a-perda-do-conjuge.mp3\"><\/audio><\/figure>\n\n\n\n<p><strong>Como recome\u00e7ar ap\u00f3s a perda do c\u00f4njuge?<\/strong><\/p>\n\n\n\n<p>A viuvez \u00e9 um processo de luto complexo com o qual cada pessoa lida de uma forma diferente. O c\u00f4njuge vivo precisa adaptar-se, \u00e0s vezes de forma repentina, \u00e0 solid\u00e3o. Deve assumir novas responsabilidades, aquelas que anteriormente eram da pessoa falecida. Cada um tem o seu pr\u00f3prio tempo e n\u00e3o h\u00e1 pressa para &#8220;ficar bem&#8221;.&nbsp; Importante \u00e9 n\u00e3o se isolar, mas buscar o apoio de parentes e amigos verdadeiros. Aos poucos \u00e9 poss\u00edvel construir uma nova rotina, mas, se necess\u00e1rio, deve-se buscar ajuda profissional.<\/p>\n\n\n\n<p>Alguns vi\u00favos (as), provavelmente, tentar\u00e3o reorganizar a sua vida afetiva. Neste caso, ser\u00e1 necess\u00e1rio se reestruturar e manter a autoestima. \u00c9 preciso ser prudente para n\u00e3o se deixar trair pela car\u00eancia e ceder \u00e0 tenta\u00e7\u00e3o de entrar num relacionamento sem amor para fugir da solid\u00e3o. \u00c9 preciso tomar cuidado ao ouvir determinados conselhos em rela\u00e7\u00e3o a temas que precisar\u00e3o ser amadurecidos. Tudo tem seu tempo certo.<\/p>\n\n\n\n<p>Na f\u00e9 cat\u00f3lica a espiritualidade dos vi\u00favos \u00e9 baseada na esperan\u00e7a da ressurrei\u00e7\u00e3o que aponta para a vida eterna e na comunh\u00e3o dos Santos. Embora a morte desfa\u00e7a o v\u00ednculo matrimonial, ela n\u00e3o extingue o amor que se tem pelo c\u00f4njuge falecido.<\/p>\n\n\n\n<p>Em alguns casos h\u00e1 vi\u00favos(as) que n\u00e3o sentem a necessidade de estabelecer um novo relacionamento, encontrando, na dedica\u00e7\u00e3o \u00e0 fam\u00edlia, um ideal e na dedica\u00e7\u00e3o ao servi\u00e7o da Igreja uma outra forma de direcionar seu amor em sua nova realidade.<\/p>\n\n\n\n<p>Seguir adiante com f\u00e9 e perseveran\u00e7a nos sacramentos, na miss\u00e3o e participa\u00e7\u00e3o na comunidade restauram as v\u00e1rias formas de amar. A morte pode separar um casal, mas o amor em forma de saudade permanece pelo canal da ora\u00e7\u00e3o que nos liga a Deus e ao ente querido.<\/p>\n\n\n\n<hr class=\"wp-block-separator has-alpha-channel-opacity\"\/>\n\n\n\n<figure class=\"wp-block-audio\"><audio controls src=\"https:\/\/www.saobeneditoscrp.com.br\/artigos\/wp-content\/uploads\/2024\/12\/11-Morte-e-ressurreicao.mp3\"><\/audio><\/figure>\n\n\n\n<p><strong>Morte e ressurrei\u00e7\u00e3o<\/strong><\/p>\n\n\n\n<p>Finados \u00e9 uma data prop\u00edcia para agradecermos ao Senhor pelo tempo vivido com os nossos falecidos, relembrarmos suas hist\u00f3rias e praticarmos suas virtudes. Na ora\u00e7\u00e3o e na saudade, n\u00f3s crist\u00e3os reconhecemos que na morte \u201ca vida n\u00e3o \u00e9 tirada, mas transformada\u201d. Vivemos da f\u00e9 provinda das palavras de Jesus \u00e0 Marta: \u201cTeu irm\u00e3o ressuscitar\u00e1\u201d (Jo 11,23).&nbsp; Contemplamos o mist\u00e9rio de Cristo que assumiu a condi\u00e7\u00e3o humana at\u00e9 a morte de cruz. Mas, Ele ressuscitou e nos abriu as portas da vida eterna.<\/p>\n\n\n\n<p>O crist\u00e3o vive desta f\u00e9: nascemos n\u00e3o para morrer, mas para ressuscitar. A vida, que se inicia com a fecunda\u00e7\u00e3o, \u00e9 gestada no \u00fatero materno e desabrocha na imensid\u00e3o do colo de Deus, capaz de acolher filhos e filhas amados e reconciliados.<\/p>\n","protected":false},"excerpt":{"rendered":"<p>QUANDO ALGU\u00c9M QUERIDO FALECE \u201cN\u00e3o se perturbe o vosso cora\u00e7\u00e3o. Crede em Deus, crede tamb\u00e9m em mim.Na casa de meu<\/p>\n","protected":false},"author":1,"featured_media":0,"parent":0,"menu_order":0,"comment_status":"closed","ping_status":"closed","template":"","meta":{"episode_type":"","audio_file":"","cover_image":"","cover_image_id":"","duration":"","filesize":"","date_recorded":"","explicit":"","block":"","itunes_episode_number":"","itunes_title":"","itunes_season_number":"","itunes_episode_type":"","filesize_raw":"","footnotes":""},"class_list":["post-997","page","type-page","status-publish","hentry","comments-off"],"_links":{"self":[{"href":"https:\/\/www.saobeneditoscrp.com.br\/artigos\/wp-json\/wp\/v2\/pages\/997","targetHints":{"allow":["GET"]}}],"collection":[{"href":"https:\/\/www.saobeneditoscrp.com.br\/artigos\/wp-json\/wp\/v2\/pages"}],"about":[{"href":"https:\/\/www.saobeneditoscrp.com.br\/artigos\/wp-json\/wp\/v2\/types\/page"}],"author":[{"embeddable":true,"href":"https:\/\/www.saobeneditoscrp.com.br\/artigos\/wp-json\/wp\/v2\/users\/1"}],"replies":[{"embeddable":true,"href":"https:\/\/www.saobeneditoscrp.com.br\/artigos\/wp-json\/wp\/v2\/comments?post=997"}],"version-history":[{"count":7,"href":"https:\/\/www.saobeneditoscrp.com.br\/artigos\/wp-json\/wp\/v2\/pages\/997\/revisions"}],"predecessor-version":[{"id":1038,"href":"https:\/\/www.saobeneditoscrp.com.br\/artigos\/wp-json\/wp\/v2\/pages\/997\/revisions\/1038"}],"wp:attachment":[{"href":"https:\/\/www.saobeneditoscrp.com.br\/artigos\/wp-json\/wp\/v2\/media?parent=997"}],"curies":[{"name":"wp","href":"https:\/\/api.w.org\/{rel}","templated":true}]}}